{"id":4407,"date":"2023-11-14T13:15:05","date_gmt":"2023-11-14T10:15:05","guid":{"rendered":"https:\/\/novitera.lt\/supirkimas-medziaga-rusys\/"},"modified":"2025-01-24T17:05:35","modified_gmt":"2025-01-24T14:05:35","slug":"tip-materiala-pokupki","status":"publish","type":"page","link":"https:\/\/novitera.lt\/ru\/tip-materiala-pokupki\/","title":{"rendered":"Supirkimas-Med\u017eiaga-R\u016b\u0161ys"},"content":{"rendered":"\n<pre id=\"tw-target-text\" class=\"wp-block-preformatted\">\u0422\u0438\u043f-\u043c\u0430\u0442\u0435\u0440\u0438\u0430\u043b\u0430-\u043f\u043e\u043a\u0443\u043f\u043a\u0438<\/pre>\n","protected":false},"excerpt":{"rendered":"<p>\u0422\u0438\u043f-\u043c\u0430\u0442\u0435\u0440\u0438\u0430\u043b\u0430-\u043f\u043e\u043a\u0443\u043f\u043a\u0438<\/p>\n","protected":false},"author":1,"featured_media":0,"parent":0,"menu_order":46,"comment_status":"closed","ping_status":"closed","template":"templates\/page-sorting.php","meta":{"_acf_changed":false,"footnotes":""},"class_list":["post-4407","page","type-page","status-publish","hentry"],"acf":[],"_links":{"self":[{"href":"https:\/\/novitera.lt\/ru\/wp-json\/wp\/v2\/pages\/4407","targetHints":{"allow":["GET"]}}],"collection":[{"href":"https:\/\/novitera.lt\/ru\/wp-json\/wp\/v2\/pages"}],"about":[{"href":"https:\/\/novitera.lt\/ru\/wp-json\/wp\/v2\/types\/page"}],"author":[{"embeddable":true,"href":"https:\/\/novitera.lt\/ru\/wp-json\/wp\/v2\/users\/1"}],"replies":[{"embeddable":true,"href":"https:\/\/novitera.lt\/ru\/wp-json\/wp\/v2\/comments?post=4407"}],"version-history":[{"count":0,"href":"https:\/\/novitera.lt\/ru\/wp-json\/wp\/v2\/pages\/4407\/revisions"}],"wp:attachment":[{"href":"https:\/\/novitera.lt\/ru\/wp-json\/wp\/v2\/media?parent=4407"}],"curies":[{"name":"wp","href":"https:\/\/api.w.org\/{rel}","templated":true}]}}