{"id":15373,"date":"2025-01-24T14:44:51","date_gmt":"2025-01-24T11:44:51","guid":{"rendered":"https:\/\/novitera.lt\/iso-standartai\/"},"modified":"2026-03-26T12:37:14","modified_gmt":"2026-03-26T09:37:14","slug":"normy-iso","status":"publish","type":"page","link":"https:\/\/novitera.lt\/pl\/normy-iso\/","title":{"rendered":"Normy ISO"},"content":{"rendered":"\n<h1 class=\"wp-block-heading has-white-color has-text-color has-link-color wp-elements-259fecca7e398a6ad10f7a2ce4355e2d\">Normy ISO<\/h1>\n\n\n\n<p>(11.12.2024, Kowno)<\/p>\n\n\n\n<p>W 2024 roku firma NOVITERA uzyska\u0142a certyfikacj\u0119 zgodn\u0105 z normami ISO 9001:2015 (system zarz\u0105dzania jako\u015bci\u0105) oraz ISO 14001:2015 (system zarz\u0105dzania \u015brodowiskowego). Stanowi to mi\u0119dzynarodowe potwierdzenie skuteczno\u015bci naszych system\u00f3w zarz\u0105dzania, jako\u015bci oraz zaanga\u017cowania w ochron\u0119 \u015brodowiska. Certyfikaty potwierdzaj\u0105, \u017ce nasze procesy spe\u0142niaj\u0105 najwy\u017csze mi\u0119dzynarodowe standardy i stanowi\u0105 dodatkow\u0105 gwarancj\u0119 wiarygodno\u015bci.<\/p>\n\n\n\n<p>Certyfikaty te potwierdzaj\u0105:<br>\u2714 zgodno\u015b\u0107 systemu zarz\u0105dzania jako\u015bci\u0105 z najwy\u017cszymi standardami<br>\u2714 zaanga\u017cowanie w ochron\u0119 \u015brodowiska<br>\u2714 efektywno\u015b\u0107 i przejrzysto\u015b\u0107 proces\u00f3w<\/p>\n\n\n\n<p>Zakres certyfikacji obejmuje: skup, przetwarzanie i recykling zu\u017cytych katalizator\u00f3w, zu\u017cytego sprz\u0119tu elektrycznego i elektronicznego, metali nie\u017celaznych i szlachetnych oraz ich stop\u00f3w i z\u0142omu, badania i rafinacj\u0119 metali szlachetnych, \u015bwiadczenie us\u0142ug zwrotu metali, a tak\u017ce sprzeda\u017c oraz serwis gwarancyjny sprz\u0119tu analitycznego i mechanicznego.<\/p>\n\n\n\n<p>Certyfikaty zosta\u0142y wydane przez globalnego lidera w dziedzinie certyfikacji \u2014 Bureau Veritas Certification, posiadaj\u0105cego ponad sto oddzia\u0142\u00f3w na ca\u0142ym \u015bwiecie.<\/p>\n\n\n\n<p>Dzi\u0119kujemy naszemu zespo\u0142owi oraz partnerom za wsp\u00f3ln\u0105 prac\u0119 nad tworzeniem i wdra\u017caniem proces\u00f3w spe\u0142niaj\u0105cych wymagania norm ISO.<\/p>\n\n\n<div class=\"wp-block-image\">\n<figure class=\"aligncenter size-large is-resized\"><img loading=\"lazy\" decoding=\"async\" width=\"627\" height=\"887\" src=\"https:\/\/novitera.lt\/wp-content\/uploads\/2025\/01\/ISO_Novitera_14001_LT.jpg\" alt=\"\" class=\"wp-image-8114\" style=\"aspect-ratio:0.7068769193609606;width:650px;height:auto\" srcset=\"https:\/\/novitera.lt\/wp-content\/uploads\/2025\/01\/ISO_Novitera_14001_LT.jpg 627w, https:\/\/novitera.lt\/wp-content\/uploads\/2025\/01\/ISO_Novitera_14001_LT-212x300.jpg 212w\" sizes=\"auto, (max-width: 627px) 100vw, 627px\" \/><\/figure>\n<\/div>","protected":false},"excerpt":{"rendered":"<p>Normy ISO (11.12.2024, Kowno) W 2024 roku firma NOVITERA uzyska\u0142a certyfikacj\u0119 zgodn\u0105 z normami ISO 9001:2015 (system zarz\u0105dzania jako\u015bci\u0105) oraz ISO 14001:2015 (system zarz\u0105dzania \u015brodowiskowego). Stanowi to mi\u0119dzynarodowe potwierdzenie skuteczno\u015bci naszych system\u00f3w zarz\u0105dzania, jako\u015bci oraz zaanga\u017cowania w ochron\u0119 \u015brodowiska. Certyfikaty potwierdzaj\u0105, \u017ce nasze procesy spe\u0142niaj\u0105 najwy\u017csze mi\u0119dzynarodowe standardy i stanowi\u0105 dodatkow\u0105 gwarancj\u0119 wiarygodno\u015bci. Certyfikaty te [&hellip;]<\/p>\n","protected":false},"author":2,"featured_media":0,"parent":0,"menu_order":0,"comment_status":"closed","ping_status":"closed","template":"templates\/page-privacy.php","meta":{"_acf_changed":false,"footnotes":""},"class_list":["post-15373","page","type-page","status-publish","hentry"],"acf":[],"_links":{"self":[{"href":"https:\/\/novitera.lt\/pl\/wp-json\/wp\/v2\/pages\/15373","targetHints":{"allow":["GET"]}}],"collection":[{"href":"https:\/\/novitera.lt\/pl\/wp-json\/wp\/v2\/pages"}],"about":[{"href":"https:\/\/novitera.lt\/pl\/wp-json\/wp\/v2\/types\/page"}],"author":[{"embeddable":true,"href":"https:\/\/novitera.lt\/pl\/wp-json\/wp\/v2\/users\/2"}],"replies":[{"embeddable":true,"href":"https:\/\/novitera.lt\/pl\/wp-json\/wp\/v2\/comments?post=15373"}],"version-history":[{"count":1,"href":"https:\/\/novitera.lt\/pl\/wp-json\/wp\/v2\/pages\/15373\/revisions"}],"predecessor-version":[{"id":15379,"href":"https:\/\/novitera.lt\/pl\/wp-json\/wp\/v2\/pages\/15373\/revisions\/15379"}],"wp:attachment":[{"href":"https:\/\/novitera.lt\/pl\/wp-json\/wp\/v2\/media?parent=15373"}],"curies":[{"name":"wp","href":"https:\/\/api.w.org\/{rel}","templated":true}]}}