{"id":15371,"date":"2023-11-10T12:09:02","date_gmt":"2023-11-10T09:09:02","guid":{"rendered":"https:\/\/novitera.lt\/karjera\/"},"modified":"2026-05-08T15:36:11","modified_gmt":"2026-05-08T12:36:11","slug":"kariera-i-partnerstwo","status":"publish","type":"page","link":"https:\/\/novitera.lt\/pl\/kariera-i-partnerstwo\/","title":{"rendered":"Kariera i Partnerstwo"},"content":{"rendered":"\n<div class=\"wp-block-group white gapy170 only\"><div class=\"wp-block-group__inner-container is-layout-constrained wp-block-group-is-layout-constrained\">\r\r\r    <section id=\"\" class=\"image-block\">\r\r        <div class=\"container\">\r\r            <div class=\"content flx col gapy80\">\r\r                <div class=\"top flx col acenter jcenter gapy30\">\r\r                    <div class=\"title\">\r\r                        <h1>Program partnerski <strong>Pracuj i rozwijaj si\u0119 z nami<\/strong><\/h1>\r\r                    <\/div>\r\r                    \r                    <div class=\"text\">\r\r                        \r                    <\/div>\r\r                    \r                <\/div>\r\r                <div class=\"bottom\">\r\r                    <div class=\"image\">\r\r                        <img decoding=\"async\" width=\"1536\" height=\"1024\" src=\"https:\/\/novitera.lt\/wp-content\/uploads\/2026\/05\/We-work.jpg\" class=\"attachment-full size-full\" alt=\"\" loading=\"lazy\" srcset=\"https:\/\/novitera.lt\/wp-content\/uploads\/2026\/05\/We-work.jpg 1536w, https:\/\/novitera.lt\/wp-content\/uploads\/2026\/05\/We-work-300x200.jpg 300w, https:\/\/novitera.lt\/wp-content\/uploads\/2026\/05\/We-work-1024x683.jpg 1024w, https:\/\/novitera.lt\/wp-content\/uploads\/2026\/05\/We-work-768x512.jpg 768w\" sizes=\"auto, (max-width: 1536px) 100vw, 1536px\" \/>\r                    <\/div>\r\r                <\/div>\r\r            <\/div>\r\r        <\/div>\r\r    <\/section>\r\r\r\r\n\n\r\r\r    <section id=\"\" class=\"accordions-images-section \">\r\r        <div class=\"container\">\r\r            <div class=\"content flx col gapy70\">\r\r                \r                    <div class=\"top flx mcol gapy30\">\r\r                        <div class=\"left \">\r\r                            \r                                <div class=\"title\">\r\r                                    <h2>Kariera i Partnerstwo  <\/h2>\r\r                                <\/div>\r\r                            \r                        <\/div>\r\r                        \r                            <div class=\"right flx col gapy30\">\r\r                                \r                                    <div class=\"text\">\r\r                                        <p>W NOVITERA tworzymy realn\u0105 warto\u015b\u0107 w bran\u017cy recyklingu metali poprzez d\u0142ugoterminowe partnerstwa, wiedz\u0119 eksperck\u0105 oraz wsp\u00f3lne mo\u017cliwo\u015bci rozwoju.<\/p>\n<p>Niezale\u017cnie od tego, czy chcesz rozwija\u0107 si\u0119 jako partner, dostawca czy cz\u0142onek zespo\u0142u \u2014 jeste\u015bmy otwarci na wsp\u00f3\u0142prac\u0119 z profesjonalistami, kt\u00f3rzy chc\u0105 budowa\u0107 i rozwija\u0107 swoj\u0105 dzia\u0142alno\u015b\u0107 w sektorze recyklingu metali.<\/p>\n<p>Chcesz dowiedzie\u0107 si\u0119 wi\u0119cej? Skontaktuj si\u0119 z nami, aby om\u00f3wi\u0107 mo\u017cliwo\u015bci wsp\u00f3\u0142pracy i wsp\u00f3lnego rozwoju:<\/p>\n<p>Zadzwo\u0144: +370 612 30376<br \/>\nNapisz: viktoras.cicasovas@novitera.lt<\/p>\n\r                                    <\/div>\r\r                                \r                                \r                            <\/div>\r\r                        \r                    <\/div>\r\r                \r\r\r                \r                    <div class=\"bottom flx col gapy170\">\r\r                        \r                            <div class=\"row flx mcol gapy70 \">\r\r                                <div class=\"left \">\r\r                                    \r                                        <div class='content-wrapper active'><\/div><div class='content-wrapper '><\/div><div class='content-wrapper '><\/div><div class='content-wrapper '><\/div><div class='content-wrapper '><\/div><div class='content-wrapper '><\/div>\r                                    \r                                <\/div>\r\r                                <div class=\"right flx col gapy80\">\r\r                                    \r                                    \r                                        <div class=\"accordions flx col gapy30\">\r\r                                            \r                                                <div class=\"accordion\">\r\r                                                    <div class=\"accordion__title flx acenter jbetween\">\r\r                                                        <h5>Co zyskujesz, wsp\u00f3\u0142pracuj\u0105c z nami:<\/h5>\r\r                                                        \r                                                    <\/div>\r\r                                                    \r                                                <\/div>\r\r                                            \r                                                <div class=\"accordion\">\r\r                                                    <div class=\"accordion__title flx acenter jbetween\">\r\r                                                        <h5>Jasny model biznesowy<\/h5>\r\r                                                        \r                                                            <div class=\"expand\"><\/div>\r\r                                                        \r                                                    <\/div>\r\r                                                    \r                                                        <div class=\"accordion__content text\">\r\r                                                            <p>Konkurencyjne, rynkowe warunki cenowe oraz elastyczne zasady wsp\u00f3\u0142pracy.<\/p>\n\r                                                            \r                                                        <\/div>\r\r                                                    \r                                                <\/div>\r\r                                            \r                                                <div class=\"accordion\">\r\r                                                    <div class=\"accordion__title flx acenter jbetween\">\r\r                                                        <h5>Realne mo\u017cliwo\u015bci rozwoju<\/h5>\r\r                                                        \r                                                            <div class=\"expand\"><\/div>\r\r                                                        \r                                                    <\/div>\r\r                                                    \r                                                        <div class=\"accordion__content text\">\r\r                                                            <p>Mo\u017cliwo\u015b\u0107 zwi\u0119kszania dochod\u00f3w dzi\u0119ki d\u0142ugoterminowej wsp\u00f3\u0142pracy i rosn\u0105cej skali dzia\u0142alno\u015bci.<\/p>\n\r                                                            \r                                                        <\/div>\r\r                                                    \r                                                <\/div>\r\r                                            \r                                                <div class=\"accordion\">\r\r                                                    <div class=\"accordion__title flx acenter jbetween\">\r\r                                                        <h5>Stabilno\u015b\u0107<\/h5>\r\r                                                        \r                                                            <div class=\"expand\"><\/div>\r\r                                                        \r                                                    <\/div>\r\r                                                    \r                                                        <div class=\"accordion__content text\">\r\r                                                            <p>Sprawny system rozlicze\u0144, przejrzyste procesy oraz rzetelny partner do d\u0142ugofalowej wsp\u00f3\u0142pracy i stabilnego rozwoju.<\/p>\n\r                                                            \r                                                        <\/div>\r\r                                                    \r                                                <\/div>\r\r                                            \r                                                <div class=\"accordion\">\r\r                                                    <div class=\"accordion__title flx acenter jbetween\">\r\r                                                        <h5>Dost\u0119p do zasob\u00f3w technicznych i analitycznych<\/h5>\r\r                                                        \r                                                            <div class=\"expand\"><\/div>\r\r                                                        \r                                                    <\/div>\r\r                                                    \r                                                        <div class=\"accordion__content text\">\r\r                                                            <p>Wiedza techniczna, analiza rynku, badania laboratoryjne oraz identyfikacja sk\u0142adu metali wspieraj\u0105ce bardziej precyzyjne i rentowne decyzje biznesowe.<\/p>\n\r                                                            \r                                                        <\/div>\r\r                                                    \r                                                <\/div>\r\r                                            \r                                                <div class=\"accordion\">\r\r                                                    <div class=\"accordion__title flx acenter jbetween\">\r\r                                                        <h5>Praktyczne wsparcie operacyjne<\/h5>\r\r                                                        \r                                                            <div class=\"expand\"><\/div>\r\r                                                        \r                                                    <\/div>\r\r                                                    \r                                                        <div class=\"accordion__content text\">\r\r                                                            <p>Wsparcie w organizacji proces\u00f3w \u2014 od sortowania metali i logistyki po rozwi\u0105zania sprzeda\u017cowe oraz rozw\u00f3j dzia\u0142alno\u015bci.<\/p>\n\r                                                            \r                                                        <\/div>\r\r                                                    \r                                                <\/div>\r\r                                            \r                                        <\/div>\r\r                                    \r                                    \r                                <\/div>\r\r                            <\/div>\r\r                        \r                    <\/div>\r\r                \r            <\/div>\r\r        <\/div>\r\r    <\/section>\r\r\r\r<\/div><\/div>\n\n\n\n<p><\/p>\n","protected":false},"excerpt":{"rendered":"","protected":false},"author":8,"featured_media":0,"parent":0,"menu_order":49,"comment_status":"closed","ping_status":"closed","template":"","meta":{"_acf_changed":false,"footnotes":""},"class_list":["post-15371","page","type-page","status-publish","hentry"],"acf":[],"_links":{"self":[{"href":"https:\/\/novitera.lt\/pl\/wp-json\/wp\/v2\/pages\/15371","targetHints":{"allow":["GET"]}}],"collection":[{"href":"https:\/\/novitera.lt\/pl\/wp-json\/wp\/v2\/pages"}],"about":[{"href":"https:\/\/novitera.lt\/pl\/wp-json\/wp\/v2\/types\/page"}],"author":[{"embeddable":true,"href":"https:\/\/novitera.lt\/pl\/wp-json\/wp\/v2\/users\/8"}],"replies":[{"embeddable":true,"href":"https:\/\/novitera.lt\/pl\/wp-json\/wp\/v2\/comments?post=15371"}],"version-history":[{"count":21,"href":"https:\/\/novitera.lt\/pl\/wp-json\/wp\/v2\/pages\/15371\/revisions"}],"predecessor-version":[{"id":16450,"href":"https:\/\/novitera.lt\/pl\/wp-json\/wp\/v2\/pages\/15371\/revisions\/16450"}],"wp:attachment":[{"href":"https:\/\/novitera.lt\/pl\/wp-json\/wp\/v2\/media?parent=15371"}],"curies":[{"name":"wp","href":"https:\/\/api.w.org\/{rel}","templated":true}]}}